{"id":5003,"date":"2025-01-28T18:55:52","date_gmt":"2025-01-28T18:55:52","guid":{"rendered":"https:\/\/lactalisingredients.ca\/contactez-nous\/"},"modified":"2026-01-23T23:52:52","modified_gmt":"2026-01-23T23:52:52","slug":"communiquez-avec-nous","status":"publish","type":"page","link":"https:\/\/lactalisingredients.ca\/fr\/communiquez-avec-nous\/","title":{"rendered":"Communiquez avec nous"},"content":{"rendered":"\t\t<div data-elementor-type=\"wp-page\" data-elementor-id=\"5003\" class=\"elementor elementor-5003 elementor-2322\" data-elementor-post-type=\"page\">\n\t\t\t\t<div class=\"elementor-element elementor-element-3bf6d20 e-flex e-con-boxed e-con e-parent\" data-id=\"3bf6d20\" data-element_type=\"container\" data-e-type=\"container\">\n\t\t\t\t\t<div class=\"e-con-inner\">\n\t\t\t\t<div class=\"elementor-element elementor-element-5abbe06 elementor-widget elementor-widget-heading\" data-id=\"5abbe06\" data-element_type=\"widget\" data-e-type=\"widget\" data-widget_type=\"heading.default\">\n\t\t\t\t<div class=\"elementor-widget-container\">\n\t\t\t\t\t<h2 class=\"elementor-heading-title elementor-size-default\">COMMUNIQUEZ AVEC NOUS<\/h2>\t\t\t\t<\/div>\n\t\t\t\t<\/div>\n\t\t\t\t<div class=\"elementor-element elementor-element-529bb86 elementor-widget elementor-widget-heading\" data-id=\"529bb86\" data-element_type=\"widget\" data-e-type=\"widget\" data-widget_type=\"heading.default\">\n\t\t\t\t<div class=\"elementor-widget-container\">\n\t\t\t\t\t<h1 class=\"elementor-heading-title elementor-size-default\">Communiquez avec nous<\/h1>\t\t\t\t<\/div>\n\t\t\t\t<\/div>\n\t\t\t\t\t<\/div>\n\t\t\t\t<\/div>\n\t\t<div class=\"elementor-element elementor-element-40c4dc4 e-flex e-con-boxed e-con e-parent\" data-id=\"40c4dc4\" data-element_type=\"container\" data-e-type=\"container\">\n\t\t\t\t\t<div class=\"e-con-inner\">\n\t\t\t\t<div class=\"elementor-element elementor-element-2f9adab elementor-widget elementor-widget-image\" data-id=\"2f9adab\" data-element_type=\"widget\" data-e-type=\"widget\" data-widget_type=\"image.default\">\n\t\t\t\t<div class=\"elementor-widget-container\">\n\t\t\t\t\t\t\t\t\t\t\t\t\t\t\t<img fetchpriority=\"high\" decoding=\"async\" width=\"1280\" height=\"444\" src=\"https:\/\/lactalisingredients.ca\/wp-content\/uploads\/2025\/06\/picture-min-2.jpg\" class=\"attachment-full size-full wp-image-6909\" alt=\"\" srcset=\"https:\/\/lactalisingredients.ca\/wp-content\/uploads\/2025\/06\/picture-min-2.jpg 1280w, https:\/\/lactalisingredients.ca\/wp-content\/uploads\/2025\/06\/picture-min-2-300x104.jpg 300w, https:\/\/lactalisingredients.ca\/wp-content\/uploads\/2025\/06\/picture-min-2-1024x355.jpg 1024w, https:\/\/lactalisingredients.ca\/wp-content\/uploads\/2025\/06\/picture-min-2-768x266.jpg 768w, https:\/\/lactalisingredients.ca\/wp-content\/uploads\/2025\/06\/picture-min-2-600x208.jpg 600w\" sizes=\"(max-width: 1280px) 100vw, 1280px\" \/>\t\t\t\t\t\t\t\t\t\t\t\t\t\t\t<\/div>\n\t\t\t\t<\/div>\n\t\t\t\t\t<\/div>\n\t\t\t\t<\/div>\n\t\t<div class=\"elementor-element elementor-element-90e6e1f e-flex e-con-boxed e-con e-parent\" data-id=\"90e6e1f\" data-element_type=\"container\" data-e-type=\"container\">\n\t\t\t\t\t<div class=\"e-con-inner\">\n\t\t<div class=\"elementor-element elementor-element-79b4735 e-con-full e-flex e-con e-child\" data-id=\"79b4735\" data-element_type=\"container\" data-e-type=\"container\">\n\t\t\t\t<div class=\"elementor-element elementor-element-8bb6d8c elementor-widget__width-initial elementor-widget-mobile__width-inherit elementor-widget elementor-widget-heading\" data-id=\"8bb6d8c\" data-element_type=\"widget\" data-e-type=\"widget\" data-widget_type=\"heading.default\">\n\t\t\t\t<div class=\"elementor-widget-container\">\n\t\t\t\t\t<h1 class=\"elementor-heading-title elementor-size-default\">N\u2019h\u00e9sitez pas \u00e0 communiquer avec nous pour toute question commerciale ou technique. <\/h1>\t\t\t\t<\/div>\n\t\t\t\t<\/div>\n\t\t\t\t<\/div>\n\t\t<div class=\"elementor-element elementor-element-848db6e e-con-full e-flex e-con e-child\" data-id=\"848db6e\" data-element_type=\"container\" data-e-type=\"container\">\n\t\t\t\t<div class=\"elementor-element elementor-element-0432e4b elementor-widget elementor-widget-heading\" data-id=\"0432e4b\" data-element_type=\"widget\" data-e-type=\"widget\" data-widget_type=\"heading.default\">\n\t\t\t\t<div class=\"elementor-widget-container\">\n\t\t\t\t\t<h2 class=\"elementor-heading-title elementor-size-default\">Si\u00e8ge social:<\/h2>\t\t\t\t<\/div>\n\t\t\t\t<\/div>\n\t\t<div class=\"elementor-element elementor-element-664d76f e-con-full e-flex e-con e-child\" data-id=\"664d76f\" data-element_type=\"container\" data-e-type=\"container\">\n\t\t\t\t<div class=\"elementor-element elementor-element-cd7d974 elementor-widget__width-initial elementor-widget-mobile_extra__width-inherit elementor-widget elementor-widget-icon-box\" data-id=\"cd7d974\" data-element_type=\"widget\" data-e-type=\"widget\" data-widget_type=\"icon-box.default\">\n\t\t\t\t<div class=\"elementor-widget-container\">\n\t\t\t\t\t\t\t<div class=\"elementor-icon-box-wrapper\">\n\n\t\t\t\n\t\t\t\t\t\t<div class=\"elementor-icon-box-content\">\n\n\t\t\t\t\t\t\t\t\t<h3 class=\"elementor-icon-box-title\">\n\t\t\t\t\t\t<span  >\n\t\t\t\t\t\t\tLactalis Canada\t\t\t\t\t\t<\/span>\n\t\t\t\t\t<\/h3>\n\t\t\t\t\n\t\t\t\t\t\t\t\t\t<p class=\"elementor-icon-box-description\">\n\t\t\t\t\t\t405 The West Mall,\n10e \u00e9tage Etobicoke (Ontario)\nCanada M9C 5J1\n<br><br>\u00c0 l\u2019attention de : Service des ingr\u00e9dients\n\t\t\t\t\t<\/p>\n\t\t\t\t\n\t\t\t<\/div>\n\t\t\t\n\t\t<\/div>\n\t\t\t\t\t\t<\/div>\n\t\t\t\t<\/div>\n\t\t\t\t<div class=\"elementor-element elementor-element-f638cd2 elementor-widget__width-initial elementor-widget-mobile_extra__width-inherit elementor-widget elementor-widget-icon-box\" data-id=\"f638cd2\" data-element_type=\"widget\" data-e-type=\"widget\" data-widget_type=\"icon-box.default\">\n\t\t\t\t<div class=\"elementor-widget-container\">\n\t\t\t\t\t\t\t<div class=\"elementor-icon-box-wrapper\">\n\n\t\t\t\n\t\t\t\t\t\t<div class=\"elementor-icon-box-content\">\n\n\t\t\t\t\t\t\t\t\t<h3 class=\"elementor-icon-box-title\">\n\t\t\t\t\t\t<span  >\n\t\t\t\t\t\t\tDemandes de renseignements techniques\t\t\t\t\t\t<\/span>\n\t\t\t\t\t<\/h3>\n\t\t\t\t\n\t\t\t\t\t\t\t\t\t<p class=\"elementor-icon-box-description\">\n\t\t\t\t\t\tCourriel : ingredientsinfo@ca.lactalis.com\nT\u00e9l. : 1 877 891-0811\t\t\t\t\t<\/p>\n\t\t\t\t\n\t\t\t<\/div>\n\t\t\t\n\t\t<\/div>\n\t\t\t\t\t\t<\/div>\n\t\t\t\t<\/div>\n\t\t\t\t<\/div>\n\t\t\t\t<div class=\"elementor-element elementor-element-6e209f9 elementor-align-left elementor-mobile-align-center elementor-widget elementor-widget-button\" data-id=\"6e209f9\" data-element_type=\"widget\" data-e-type=\"widget\" data-widget_type=\"button.default\">\n\t\t\t\t<div class=\"elementor-widget-container\">\n\t\t\t\t\t\t\t\t\t<div class=\"elementor-button-wrapper\">\n\t\t\t\t\t<a class=\"elementor-button elementor-button-link elementor-size-sm\" href=\"https:\/\/g.co\/kgs\/nDKjwdC\">\n\t\t\t\t\t\t<span class=\"elementor-button-content-wrapper\">\n\t\t\t\t\t\t<span class=\"elementor-button-icon\">\n\t\t\t\t<svg xmlns=\"http:\/\/www.w3.org\/2000\/svg\" width=\"11\" height=\"11\" viewBox=\"0 0 11 11\" fill=\"none\"><path d=\"M7.58598 2.51477L1.99983 2.51477C1.73767 2.51021 1.48778 2.40287 1.30399 2.21586C1.1202 2.02885 1.01721 1.77713 1.01721 1.51492C1.01721 1.25272 1.1202 1.001 1.30399 0.813986C1.48778 0.626974 1.73767 0.519629 1.99983 0.515073L10 0.515073C10.1314 0.514697 10.2616 0.540302 10.3831 0.590416C10.5046 0.64053 10.615 0.714164 10.7079 0.807083C10.8008 0.900003 10.8744 1.01037 10.9245 1.13185C10.9747 1.25333 11.0003 1.38351 10.9999 1.51492L10.9999 9.51513C11.0022 9.64789 10.978 9.77979 10.9288 9.90311C10.8796 10.0264 10.8063 10.1387 10.7133 10.2334C10.6202 10.3281 10.5092 10.4034 10.3867 10.4547C10.2643 10.5061 10.1328 10.5325 10 10.5325C9.86726 10.5325 9.7358 10.5061 9.61335 10.4547C9.49089 10.4034 9.37989 10.3281 9.28681 10.2334C9.19374 10.1387 9.12046 10.0264 9.07125 9.90312C9.02204 9.77979 8.99788 9.64789 9.00019 9.51513V3.92898L2.22187 10.7073C2.03433 10.8948 1.77997 11.0002 1.51476 11.0002C1.24954 11.0002 0.995188 10.8948 0.807652 10.7073C0.620115 10.5198 0.514758 10.2654 0.514758 10.0002C0.514758 9.73499 0.620115 9.48063 0.807652 9.2931L7.58598 2.51477V2.51477Z\" fill=\"#3D5588\"><\/path><\/svg>\t\t\t<\/span>\n\t\t\t\t\t\t\t\t\t<span class=\"elementor-button-text\">Ouvrir dans Google Maps<\/span>\n\t\t\t\t\t<\/span>\n\t\t\t\t\t<\/a>\n\t\t\t\t<\/div>\n\t\t\t\t\t\t\t\t<\/div>\n\t\t\t\t<\/div>\n\t\t\t\t<\/div>\n\t\t\t\t\t<\/div>\n\t\t\t\t<\/div>\n\t\t<div class=\"elementor-element elementor-element-74ffa07 e-flex e-con-boxed e-con e-parent\" data-id=\"74ffa07\" data-element_type=\"container\" data-e-type=\"container\">\n\t\t\t\t\t<div class=\"e-con-inner\">\n\t\t<div class=\"elementor-element elementor-element-46b12d0 e-con-full e-flex e-con e-child\" data-id=\"46b12d0\" data-element_type=\"container\" data-e-type=\"container\" data-settings=\"{&quot;background_background&quot;:&quot;classic&quot;}\">\n\t\t\t\t<div class=\"elementor-element elementor-element-7d29d88 elementor-widget elementor-widget-heading\" data-id=\"7d29d88\" data-element_type=\"widget\" data-e-type=\"widget\" data-widget_type=\"heading.default\">\n\t\t\t\t<div class=\"elementor-widget-container\">\n\t\t\t\t\t<h2 class=\"elementor-heading-title elementor-size-default\">Envoyer un message<\/h2>\t\t\t\t<\/div>\n\t\t\t\t<\/div>\n\t\t\t\t<div class=\"elementor-element elementor-element-2df4390 elementor-button-align-end elementor-widget__width-initial elementor-widget-tablet__width-inherit elementor-widget elementor-widget-form\" data-id=\"2df4390\" data-element_type=\"widget\" data-e-type=\"widget\" data-settings=\"{&quot;step_next_label&quot;:&quot;Suivant&quot;,&quot;step_previous_label&quot;:&quot;Pr\\u00e9c\\u00e9dent&quot;,&quot;button_width&quot;:&quot;100&quot;,&quot;step_type&quot;:&quot;number_text&quot;,&quot;step_icon_shape&quot;:&quot;circle&quot;}\" data-widget_type=\"form.default\">\n\t\t\t\t<div class=\"elementor-widget-container\">\n\t\t\t\t\t\t\t<form class=\"elementor-form\" method=\"post\" name=\"Nouveau formulaire\" aria-label=\"Nouveau formulaire\">\n\t\t\t<input type=\"hidden\" name=\"post_id\" value=\"5003\"\/>\n\t\t\t<input type=\"hidden\" name=\"form_id\" value=\"2df4390\"\/>\n\t\t\t<input type=\"hidden\" name=\"referer_title\" value=\"Communiquez avec nous - Premier Canadian Dairy Ingredients Manufacturer\" \/>\n\n\t\t\t\t\t\t\t<input type=\"hidden\" name=\"queried_id\" value=\"5003\"\/>\n\t\t\t\n\t\t\t<div class=\"elementor-form-fields-wrapper elementor-labels-\">\n\t\t\t\t\t\t\t\t<div class=\"elementor-field-type-text elementor-field-group elementor-column elementor-field-group-name elementor-col-100\">\n\t\t\t\t\t\t\t\t\t\t\t\t<label for=\"form-field-name\" class=\"elementor-field-label elementor-screen-only\">\n\t\t\t\t\t\t\t\tPr\u00e9nom\t\t\t\t\t\t\t<\/label>\n\t\t\t\t\t\t\t\t\t\t\t\t\t\t<input size=\"1\" type=\"text\" name=\"form_fields[name]\" id=\"form-field-name\" class=\"elementor-field elementor-size-sm  elementor-field-textual\" placeholder=\"First Name\">\n\t\t\t\t\t\t\t\t\t\t\t<\/div>\n\t\t\t\t\t\t\t\t<div class=\"elementor-field-type-text elementor-field-group elementor-column elementor-field-group-field_7d8a2fb elementor-col-100\">\n\t\t\t\t\t\t\t\t\t\t\t\t<label for=\"form-field-field_7d8a2fb\" class=\"elementor-field-label elementor-screen-only\">\n\t\t\t\t\t\t\t\tNom de famille\t\t\t\t\t\t\t<\/label>\n\t\t\t\t\t\t\t\t\t\t\t\t\t\t<input size=\"1\" type=\"text\" name=\"form_fields[field_7d8a2fb]\" id=\"form-field-field_7d8a2fb\" class=\"elementor-field elementor-size-sm  elementor-field-textual\" placeholder=\"Nom de famille\">\n\t\t\t\t\t\t\t\t\t\t\t<\/div>\n\t\t\t\t\t\t\t\t<div class=\"elementor-field-type-email elementor-field-group elementor-column elementor-field-group-email elementor-col-100 elementor-field-required\">\n\t\t\t\t\t\t\t\t\t\t\t\t<label for=\"form-field-email\" class=\"elementor-field-label elementor-screen-only\">\n\t\t\t\t\t\t\t\tCourriel\t\t\t\t\t\t\t<\/label>\n\t\t\t\t\t\t\t\t\t\t\t\t\t\t<input size=\"1\" type=\"email\" name=\"form_fields[email]\" id=\"form-field-email\" class=\"elementor-field elementor-size-sm  elementor-field-textual\" placeholder=\"Courriel\" required=\"required\">\n\t\t\t\t\t\t\t\t\t\t\t<\/div>\n\t\t\t\t\t\t\t\t<div class=\"elementor-field-type-text elementor-field-group elementor-column elementor-field-group-field_8c4082d elementor-col-100\">\n\t\t\t\t\t\t\t\t\t\t\t\t<label for=\"form-field-field_8c4082d\" class=\"elementor-field-label elementor-screen-only\">\n\t\t\t\t\t\t\t\tNum\u00e9ro de t\u00e9l\u00e9phone\t\t\t\t\t\t\t<\/label>\n\t\t\t\t\t\t\t\t\t\t\t\t\t\t<input size=\"1\" type=\"text\" name=\"form_fields[field_8c4082d]\" id=\"form-field-field_8c4082d\" class=\"elementor-field elementor-size-sm  elementor-field-textual\" placeholder=\"Num\u00e9ro de t\u00e9l\u00e9phone\">\n\t\t\t\t\t\t\t\t\t\t\t<\/div>\n\t\t\t\t\t\t\t\t<div class=\"elementor-field-type-radio elementor-field-group elementor-column elementor-field-group-radio_btn elementor-col-100\">\n\t\t\t\t\t\t\t\t\t\t\t\t<label for=\"form-field-radio_btn\" class=\"elementor-field-label elementor-screen-only\">\n\t\t\t\t\t\t\t\tAvez-vous besoin de soutien technique ou de soutien du service de d\u00e9veloppement de produits?\t\t\t\t\t\t\t<\/label>\n\t\t\t\t\t\t<div class=\"elementor-field-subgroup  elementor-subgroup-inline\"><span class=\"elementor-field-option\"><input type=\"radio\" value=\"Oui\" id=\"form-field-radio_btn-0\" name=\"form_fields[radio_btn]\"> <label for=\"form-field-radio_btn-0\">Oui<\/label><\/span><span class=\"elementor-field-option\"><input type=\"radio\" value=\"Non\" id=\"form-field-radio_btn-1\" name=\"form_fields[radio_btn]\"> <label for=\"form-field-radio_btn-1\">Non<\/label><\/span><\/div>\t\t\t\t<\/div>\n\t\t\t\t\t\t\t\t<div class=\"elementor-field-type-textarea elementor-field-group elementor-column elementor-field-group-message elementor-col-100\">\n\t\t\t\t\t\t\t\t\t\t\t\t<label for=\"form-field-message\" class=\"elementor-field-label elementor-screen-only\">\n\t\t\t\t\t\t\t\tMessage\t\t\t\t\t\t\t<\/label>\n\t\t\t\t\t\t<textarea class=\"elementor-field-textual elementor-field  elementor-size-sm\" name=\"form_fields[message]\" id=\"form-field-message\" rows=\"2\" placeholder=\"Message\"><\/textarea>\t\t\t\t<\/div>\n\t\t\t\t\t\t\t\t<div class=\"elementor-field-type-recaptcha_v3 elementor-field-group elementor-column elementor-field-group-field_7059440 elementor-col-100 recaptcha_v3-bottomright\">\n\t\t\t\t\t<div class=\"elementor-field\" id=\"form-field-field_7059440\"><div class=\"elementor-g-recaptcha\" data-sitekey=\"6LfLDGsrAAAAAHKPniwDF5W4yGH0HBNYLJ1m7VUM\" data-type=\"v3\" data-action=\"Form\" data-badge=\"bottomright\" data-size=\"invisible\"><\/div><\/div>\t\t\t\t<\/div>\n\t\t\t\t\t\t\t\t<div class=\"elementor-field-group elementor-column elementor-field-type-submit elementor-col-100 e-form__buttons\">\n\t\t\t\t\t<button class=\"elementor-button elementor-size-md elementor-animation-shrink\" type=\"submit\">\n\t\t\t\t\t\t<span class=\"elementor-button-content-wrapper\">\n\t\t\t\t\t\t\t\t\t\t\t\t\t\t\t\t\t\t\t\t\t\t<span class=\"elementor-button-text\">Envoyer un message<\/span>\n\t\t\t\t\t\t\t\t\t\t\t\t\t<\/span>\n\t\t\t\t\t<\/button>\n\t\t\t\t<\/div>\n\t\t\t<\/div>\n\t\t<\/form>\n\t\t\t\t\t\t<\/div>\n\t\t\t\t<\/div>\n\t\t\t\t<\/div>\n\t\t\t\t\t<\/div>\n\t\t\t\t<\/div>\n\t\t\t\t<\/div>\n\t\t","protected":false},"excerpt":{"rendered":"<p>COMMUNIQUEZ AVEC NOUS Communiquez avec nous N\u2019h\u00e9sitez pas \u00e0 communiquer avec nous pour toute question commerciale ou technique. Si\u00e8ge social: Lactalis Canada 405 The West Mall, 10e \u00e9tage Etobicoke (Ontario) Canada M9C 5J1 \u00c0 l\u2019attention de : Service des ingr\u00e9dients Demandes de renseignements techniques Courriel : ingredientsinfo@ca.lactalis.com T\u00e9l. : 1 877 891-0811 Ouvrir dans Google [&hellip;]<\/p>\n","protected":false},"author":1,"featured_media":0,"parent":0,"menu_order":0,"comment_status":"closed","ping_status":"closed","template":"elementor_header_footer","meta":{"_acf_changed":false,"footnotes":""},"class_list":["post-5003","page","type-page","status-publish","hentry"],"acf":[],"yoast_head":"<!-- This site is optimized with the Yoast SEO plugin v27.5 - https:\/\/yoast.com\/product\/yoast-seo-wordpress\/ -->\n<title>Communiquez avec nous - Premier Canadian Dairy Ingredients Manufacturer<\/title>\n<meta name=\"robots\" content=\"index, follow, max-snippet:-1, max-image-preview:large, max-video-preview:-1\" \/>\n<link rel=\"canonical\" href=\"https:\/\/lactalisingredients.ca\/fr\/communiquez-avec-nous\/\" \/>\n<meta property=\"og:locale\" content=\"fr_FR\" \/>\n<meta property=\"og:type\" content=\"article\" \/>\n<meta property=\"og:title\" content=\"Communiquez avec nous - Premier Canadian Dairy Ingredients Manufacturer\" \/>\n<meta property=\"og:description\" content=\"COMMUNIQUEZ AVEC NOUS Communiquez avec nous N\u2019h\u00e9sitez pas \u00e0 communiquer avec nous pour toute question commerciale ou technique. Si\u00e8ge social: Lactalis Canada 405 The West Mall, 10e \u00e9tage Etobicoke (Ontario) Canada M9C 5J1 \u00c0 l\u2019attention de : Service des ingr\u00e9dients Demandes de renseignements techniques Courriel : ingredientsinfo@ca.lactalis.com T\u00e9l. : 1 877 891-0811 Ouvrir dans Google [&hellip;]\" \/>\n<meta property=\"og:url\" content=\"https:\/\/lactalisingredients.ca\/fr\/communiquez-avec-nous\/\" \/>\n<meta property=\"og:site_name\" content=\"Premier Canadian Dairy Ingredients Manufacturer\" \/>\n<meta property=\"article:modified_time\" content=\"2026-01-23T23:52:52+00:00\" \/>\n<meta property=\"og:image\" content=\"https:\/\/lactalisingredients.ca\/wp-content\/uploads\/2025\/06\/picture-min-2.jpg\" \/>\n\t<meta property=\"og:image:width\" content=\"1280\" \/>\n\t<meta property=\"og:image:height\" content=\"444\" \/>\n\t<meta property=\"og:image:type\" content=\"image\/jpeg\" \/>\n<meta name=\"twitter:card\" content=\"summary_large_image\" \/>\n<meta name=\"twitter:label1\" content=\"Dur\u00e9e de lecture estim\u00e9e\" \/>\n\t<meta name=\"twitter:data1\" content=\"1 minute\" \/>\n<script type=\"application\/ld+json\" class=\"yoast-schema-graph\">{\"@context\":\"https:\\\/\\\/schema.org\",\"@graph\":[{\"@type\":\"WebPage\",\"@id\":\"https:\\\/\\\/lactalisingredients.ca\\\/fr\\\/communiquez-avec-nous\\\/\",\"url\":\"https:\\\/\\\/lactalisingredients.ca\\\/fr\\\/communiquez-avec-nous\\\/\",\"name\":\"Communiquez avec nous - Premier Canadian Dairy Ingredients Manufacturer\",\"isPartOf\":{\"@id\":\"https:\\\/\\\/lactalisingredients.ca\\\/#website\"},\"primaryImageOfPage\":{\"@id\":\"https:\\\/\\\/lactalisingredients.ca\\\/fr\\\/communiquez-avec-nous\\\/#primaryimage\"},\"image\":{\"@id\":\"https:\\\/\\\/lactalisingredients.ca\\\/fr\\\/communiquez-avec-nous\\\/#primaryimage\"},\"thumbnailUrl\":\"https:\\\/\\\/lactalisingredients.ca\\\/wp-content\\\/uploads\\\/2025\\\/06\\\/picture-min-2.jpg\",\"datePublished\":\"2025-01-28T18:55:52+00:00\",\"dateModified\":\"2026-01-23T23:52:52+00:00\",\"breadcrumb\":{\"@id\":\"https:\\\/\\\/lactalisingredients.ca\\\/fr\\\/communiquez-avec-nous\\\/#breadcrumb\"},\"inLanguage\":\"fr-FR\",\"potentialAction\":[{\"@type\":\"ReadAction\",\"target\":[\"https:\\\/\\\/lactalisingredients.ca\\\/fr\\\/communiquez-avec-nous\\\/\"]}]},{\"@type\":\"ImageObject\",\"inLanguage\":\"fr-FR\",\"@id\":\"https:\\\/\\\/lactalisingredients.ca\\\/fr\\\/communiquez-avec-nous\\\/#primaryimage\",\"url\":\"https:\\\/\\\/lactalisingredients.ca\\\/wp-content\\\/uploads\\\/2025\\\/06\\\/picture-min-2.jpg\",\"contentUrl\":\"https:\\\/\\\/lactalisingredients.ca\\\/wp-content\\\/uploads\\\/2025\\\/06\\\/picture-min-2.jpg\"},{\"@type\":\"BreadcrumbList\",\"@id\":\"https:\\\/\\\/lactalisingredients.ca\\\/fr\\\/communiquez-avec-nous\\\/#breadcrumb\",\"itemListElement\":[{\"@type\":\"ListItem\",\"position\":1,\"name\":\"Home\",\"item\":\"https:\\\/\\\/lactalisingredients.ca\\\/fr\\\/\"},{\"@type\":\"ListItem\",\"position\":2,\"name\":\"Communiquez avec nous\"}]},{\"@type\":\"WebSite\",\"@id\":\"https:\\\/\\\/lactalisingredients.ca\\\/#website\",\"url\":\"https:\\\/\\\/lactalisingredients.ca\\\/\",\"name\":\"Premier Canadian Dairy Ingredients Manufacturer\",\"description\":\"\",\"publisher\":{\"@id\":\"https:\\\/\\\/lactalisingredients.ca\\\/#organization\"},\"potentialAction\":[{\"@type\":\"SearchAction\",\"target\":{\"@type\":\"EntryPoint\",\"urlTemplate\":\"https:\\\/\\\/lactalisingredients.ca\\\/?s={search_term_string}\"},\"query-input\":{\"@type\":\"PropertyValueSpecification\",\"valueRequired\":true,\"valueName\":\"search_term_string\"}}],\"inLanguage\":\"fr-FR\"},{\"@type\":\"Organization\",\"@id\":\"https:\\\/\\\/lactalisingredients.ca\\\/#organization\",\"name\":\"Lactalis Canada Ingredients\",\"url\":\"https:\\\/\\\/lactalisingredients.ca\\\/\",\"logo\":{\"@type\":\"ImageObject\",\"inLanguage\":\"fr-FR\",\"@id\":\"https:\\\/\\\/lactalisingredients.ca\\\/#\\\/schema\\\/logo\\\/image\\\/\",\"url\":\"https:\\\/\\\/lactalisingredients.ca\\\/wp-content\\\/uploads\\\/2025\\\/02\\\/278x338.png\",\"contentUrl\":\"https:\\\/\\\/lactalisingredients.ca\\\/wp-content\\\/uploads\\\/2025\\\/02\\\/278x338.png\",\"width\":278,\"height\":338,\"caption\":\"Lactalis Canada Ingredients\"},\"image\":{\"@id\":\"https:\\\/\\\/lactalisingredients.ca\\\/#\\\/schema\\\/logo\\\/image\\\/\"}}]}<\/script>\n<!-- \/ Yoast SEO plugin. -->","yoast_head_json":{"title":"Communiquez avec nous - Premier Canadian Dairy Ingredients Manufacturer","robots":{"index":"index","follow":"follow","max-snippet":"max-snippet:-1","max-image-preview":"max-image-preview:large","max-video-preview":"max-video-preview:-1"},"canonical":"https:\/\/lactalisingredients.ca\/fr\/communiquez-avec-nous\/","og_locale":"fr_FR","og_type":"article","og_title":"Communiquez avec nous - Premier Canadian Dairy Ingredients Manufacturer","og_description":"COMMUNIQUEZ AVEC NOUS Communiquez avec nous N\u2019h\u00e9sitez pas \u00e0 communiquer avec nous pour toute question commerciale ou technique. Si\u00e8ge social: Lactalis Canada 405 The West Mall, 10e \u00e9tage Etobicoke (Ontario) Canada M9C 5J1 \u00c0 l\u2019attention de : Service des ingr\u00e9dients Demandes de renseignements techniques Courriel : ingredientsinfo@ca.lactalis.com T\u00e9l. : 1 877 891-0811 Ouvrir dans Google [&hellip;]","og_url":"https:\/\/lactalisingredients.ca\/fr\/communiquez-avec-nous\/","og_site_name":"Premier Canadian Dairy Ingredients Manufacturer","article_modified_time":"2026-01-23T23:52:52+00:00","og_image":[{"width":1280,"height":444,"url":"https:\/\/lactalisingredients.ca\/wp-content\/uploads\/2025\/06\/picture-min-2.jpg","type":"image\/jpeg"}],"twitter_card":"summary_large_image","twitter_misc":{"Dur\u00e9e de lecture estim\u00e9e":"1 minute"},"schema":{"@context":"https:\/\/schema.org","@graph":[{"@type":"WebPage","@id":"https:\/\/lactalisingredients.ca\/fr\/communiquez-avec-nous\/","url":"https:\/\/lactalisingredients.ca\/fr\/communiquez-avec-nous\/","name":"Communiquez avec nous - Premier Canadian Dairy Ingredients Manufacturer","isPartOf":{"@id":"https:\/\/lactalisingredients.ca\/#website"},"primaryImageOfPage":{"@id":"https:\/\/lactalisingredients.ca\/fr\/communiquez-avec-nous\/#primaryimage"},"image":{"@id":"https:\/\/lactalisingredients.ca\/fr\/communiquez-avec-nous\/#primaryimage"},"thumbnailUrl":"https:\/\/lactalisingredients.ca\/wp-content\/uploads\/2025\/06\/picture-min-2.jpg","datePublished":"2025-01-28T18:55:52+00:00","dateModified":"2026-01-23T23:52:52+00:00","breadcrumb":{"@id":"https:\/\/lactalisingredients.ca\/fr\/communiquez-avec-nous\/#breadcrumb"},"inLanguage":"fr-FR","potentialAction":[{"@type":"ReadAction","target":["https:\/\/lactalisingredients.ca\/fr\/communiquez-avec-nous\/"]}]},{"@type":"ImageObject","inLanguage":"fr-FR","@id":"https:\/\/lactalisingredients.ca\/fr\/communiquez-avec-nous\/#primaryimage","url":"https:\/\/lactalisingredients.ca\/wp-content\/uploads\/2025\/06\/picture-min-2.jpg","contentUrl":"https:\/\/lactalisingredients.ca\/wp-content\/uploads\/2025\/06\/picture-min-2.jpg"},{"@type":"BreadcrumbList","@id":"https:\/\/lactalisingredients.ca\/fr\/communiquez-avec-nous\/#breadcrumb","itemListElement":[{"@type":"ListItem","position":1,"name":"Home","item":"https:\/\/lactalisingredients.ca\/fr\/"},{"@type":"ListItem","position":2,"name":"Communiquez avec nous"}]},{"@type":"WebSite","@id":"https:\/\/lactalisingredients.ca\/#website","url":"https:\/\/lactalisingredients.ca\/","name":"Premier Canadian Dairy Ingredients Manufacturer","description":"","publisher":{"@id":"https:\/\/lactalisingredients.ca\/#organization"},"potentialAction":[{"@type":"SearchAction","target":{"@type":"EntryPoint","urlTemplate":"https:\/\/lactalisingredients.ca\/?s={search_term_string}"},"query-input":{"@type":"PropertyValueSpecification","valueRequired":true,"valueName":"search_term_string"}}],"inLanguage":"fr-FR"},{"@type":"Organization","@id":"https:\/\/lactalisingredients.ca\/#organization","name":"Lactalis Canada Ingredients","url":"https:\/\/lactalisingredients.ca\/","logo":{"@type":"ImageObject","inLanguage":"fr-FR","@id":"https:\/\/lactalisingredients.ca\/#\/schema\/logo\/image\/","url":"https:\/\/lactalisingredients.ca\/wp-content\/uploads\/2025\/02\/278x338.png","contentUrl":"https:\/\/lactalisingredients.ca\/wp-content\/uploads\/2025\/02\/278x338.png","width":278,"height":338,"caption":"Lactalis Canada Ingredients"},"image":{"@id":"https:\/\/lactalisingredients.ca\/#\/schema\/logo\/image\/"}}]}},"_links":{"self":[{"href":"https:\/\/lactalisingredients.ca\/fr\/wp-json\/wp\/v2\/pages\/5003","targetHints":{"allow":["GET"]}}],"collection":[{"href":"https:\/\/lactalisingredients.ca\/fr\/wp-json\/wp\/v2\/pages"}],"about":[{"href":"https:\/\/lactalisingredients.ca\/fr\/wp-json\/wp\/v2\/types\/page"}],"author":[{"embeddable":true,"href":"https:\/\/lactalisingredients.ca\/fr\/wp-json\/wp\/v2\/users\/1"}],"replies":[{"embeddable":true,"href":"https:\/\/lactalisingredients.ca\/fr\/wp-json\/wp\/v2\/comments?post=5003"}],"version-history":[{"count":50,"href":"https:\/\/lactalisingredients.ca\/fr\/wp-json\/wp\/v2\/pages\/5003\/revisions"}],"predecessor-version":[{"id":7604,"href":"https:\/\/lactalisingredients.ca\/fr\/wp-json\/wp\/v2\/pages\/5003\/revisions\/7604"}],"wp:attachment":[{"href":"https:\/\/lactalisingredients.ca\/fr\/wp-json\/wp\/v2\/media?parent=5003"}],"curies":[{"name":"wp","href":"https:\/\/api.w.org\/{rel}","templated":true}]}}