{"id":5005,"date":"2025-02-24T15:11:11","date_gmt":"2025-02-24T15:11:11","guid":{"rendered":"https:\/\/lactalisingredients.ca\/ressources-pour-lindustrie\/"},"modified":"2025-05-16T22:32:44","modified_gmt":"2025-05-16T22:32:44","slug":"ressources-pour-lindustrie","status":"publish","type":"page","link":"https:\/\/lactalisingredients.ca\/fr\/ressources-pour-lindustrie\/","title":{"rendered":"Ressources pour l&rsquo;industrie"},"content":{"rendered":"\t\t<div data-elementor-type=\"wp-page\" data-elementor-id=\"5005\" class=\"elementor elementor-5005 elementor-4406\" data-elementor-post-type=\"page\">\n\t\t\t\t<div class=\"elementor-element elementor-element-2913292 e-flex e-con-boxed e-con e-parent\" data-id=\"2913292\" data-element_type=\"container\" data-e-type=\"container\">\n\t\t\t\t\t<div class=\"e-con-inner\">\n\t\t\t\t<div class=\"elementor-element elementor-element-1d956f9 elementor-widget elementor-widget-heading\" data-id=\"1d956f9\" data-element_type=\"widget\" data-e-type=\"widget\" data-widget_type=\"heading.default\">\n\t\t\t\t<div class=\"elementor-widget-container\">\n\t\t\t\t\t<h2 class=\"elementor-heading-title elementor-size-default\">LACTALIS CANADA INGREDIENTS<\/h2>\t\t\t\t<\/div>\n\t\t\t\t<\/div>\n\t\t\t\t<div class=\"elementor-element elementor-element-a63d0f2 elementor-widget__width-inherit elementor-widget elementor-widget-heading\" data-id=\"a63d0f2\" data-element_type=\"widget\" data-e-type=\"widget\" data-widget_type=\"heading.default\">\n\t\t\t\t<div class=\"elementor-widget-container\">\n\t\t\t\t\t<h1 class=\"elementor-heading-title elementor-size-default\">Liens avec l'industrie<\/h1>\t\t\t\t<\/div>\n\t\t\t\t<\/div>\n\t\t\t\t\t<\/div>\n\t\t\t\t<\/div>\n\t\t<div class=\"elementor-element elementor-element-f9bd74a e-flex e-con-boxed e-con e-parent\" data-id=\"f9bd74a\" data-element_type=\"container\" data-e-type=\"container\">\n\t\t\t\t\t<div class=\"e-con-inner\">\n\t\t<div class=\"elementor-element elementor-element-a50af8a e-con-full e-flex e-con e-child\" data-id=\"a50af8a\" data-element_type=\"container\" data-e-type=\"container\">\n\t\t\t\t<div class=\"elementor-element elementor-element-69d80b1 elementor-widget__width-initial elementor-widget-mobile__width-inherit elementor-icon-list--layout-traditional elementor-list-item-link-full_width elementor-widget elementor-widget-icon-list\" data-id=\"69d80b1\" data-element_type=\"widget\" data-e-type=\"widget\" data-widget_type=\"icon-list.default\">\n\t\t\t\t<div class=\"elementor-widget-container\">\n\t\t\t\t\t\t\t<ul class=\"elementor-icon-list-items\">\n\t\t\t\t\t\t\t<li class=\"elementor-icon-list-item\">\n\t\t\t\t\t\t\t\t\t\t\t<a href=\"http:\/\/www.agr.gc.ca\/\">\n\n\t\t\t\t\t\t\t\t\t\t\t\t<span class=\"elementor-icon-list-icon\">\n\t\t\t\t\t\t\t<svg xmlns=\"http:\/\/www.w3.org\/2000\/svg\" width=\"5\" height=\"5\" viewBox=\"0 0 5 5\" fill=\"none\"><rect x=\"0.5\" y=\"0.5\" width=\"4\" height=\"4\" fill=\"#00B3E7\"><\/rect><\/svg>\t\t\t\t\t\t<\/span>\n\t\t\t\t\t\t\t\t\t\t<span class=\"elementor-icon-list-text\">Agriculture et Agroalimentaire Canada<\/span>\n\t\t\t\t\t\t\t\t\t\t\t<\/a>\n\t\t\t\t\t\t\t\t\t<\/li>\n\t\t\t\t\t\t\t\t<li class=\"elementor-icon-list-item\">\n\t\t\t\t\t\t\t\t\t\t\t<a href=\"http:\/\/www.baking.ca\/\">\n\n\t\t\t\t\t\t\t\t\t\t\t\t<span class=\"elementor-icon-list-icon\">\n\t\t\t\t\t\t\t<svg xmlns=\"http:\/\/www.w3.org\/2000\/svg\" width=\"5\" height=\"5\" viewBox=\"0 0 5 5\" fill=\"none\"><rect x=\"0.5\" y=\"0.5\" width=\"4\" height=\"4\" fill=\"#00B3E7\"><\/rect><\/svg>\t\t\t\t\t\t<\/span>\n\t\t\t\t\t\t\t\t\t\t<span class=\"elementor-icon-list-text\">Association canadienne de la boulangerie (ACB)<\/span>\n\t\t\t\t\t\t\t\t\t\t\t<\/a>\n\t\t\t\t\t\t\t\t\t<\/li>\n\t\t\t\t\t\t\t\t<li class=\"elementor-icon-list-item\">\n\t\t\t\t\t\t\t\t\t\t\t<a href=\"http:\/\/www.cdc-ccl.gc.ca\/\">\n\n\t\t\t\t\t\t\t\t\t\t\t\t<span class=\"elementor-icon-list-icon\">\n\t\t\t\t\t\t\t<svg xmlns=\"http:\/\/www.w3.org\/2000\/svg\" width=\"5\" height=\"5\" viewBox=\"0 0 5 5\" fill=\"none\"><rect x=\"0.5\" y=\"0.5\" width=\"4\" height=\"4\" fill=\"#00B3E7\"><\/rect><\/svg>\t\t\t\t\t\t<\/span>\n\t\t\t\t\t\t\t\t\t\t<span class=\"elementor-icon-list-text\">Commission canadienne du lait (CDC)<\/span>\n\t\t\t\t\t\t\t\t\t\t\t<\/a>\n\t\t\t\t\t\t\t\t\t<\/li>\n\t\t\t\t\t\t\t\t<li class=\"elementor-icon-list-item\">\n\t\t\t\t\t\t\t\t\t\t\t<a href=\"http:\/\/www.dairyinfo.gc.ca\/\">\n\n\t\t\t\t\t\t\t\t\t\t\t\t<span class=\"elementor-icon-list-icon\">\n\t\t\t\t\t\t\t<svg xmlns=\"http:\/\/www.w3.org\/2000\/svg\" width=\"5\" height=\"5\" viewBox=\"0 0 5 5\" fill=\"none\"><rect x=\"0.5\" y=\"0.5\" width=\"4\" height=\"4\" fill=\"#00B3E7\"><\/rect><\/svg>\t\t\t\t\t\t<\/span>\n\t\t\t\t\t\t\t\t\t\t<span class=\"elementor-icon-list-text\">Centre canadien d'information laiti\u00e8re<\/span>\n\t\t\t\t\t\t\t\t\t\t\t<\/a>\n\t\t\t\t\t\t\t\t\t<\/li>\n\t\t\t\t\t\t\t\t<li class=\"elementor-icon-list-item\">\n\t\t\t\t\t\t\t\t\t\t\t<a href=\"http:\/\/www.inspection.gc.ca\/\">\n\n\t\t\t\t\t\t\t\t\t\t\t\t<span class=\"elementor-icon-list-icon\">\n\t\t\t\t\t\t\t<svg xmlns=\"http:\/\/www.w3.org\/2000\/svg\" width=\"5\" height=\"5\" viewBox=\"0 0 5 5\" fill=\"none\"><rect x=\"0.5\" y=\"0.5\" width=\"4\" height=\"4\" fill=\"#00B3E7\"><\/rect><\/svg>\t\t\t\t\t\t<\/span>\n\t\t\t\t\t\t\t\t\t\t<span class=\"elementor-icon-list-text\">Agence canadienne d'inspection des aliments<\/span>\n\t\t\t\t\t\t\t\t\t\t\t<\/a>\n\t\t\t\t\t\t\t\t\t<\/li>\n\t\t\t\t\t\t\t\t<li class=\"elementor-icon-list-item\">\n\t\t\t\t\t\t\t\t\t\t\t<a href=\"http:\/\/www.inspection.gc.ca\/food\/safe-food-production-systems\/food-safety-enhancement-program\/eng\/1299855874288\/1299859914238\">\n\n\t\t\t\t\t\t\t\t\t\t\t\t<span class=\"elementor-icon-list-icon\">\n\t\t\t\t\t\t\t<svg xmlns=\"http:\/\/www.w3.org\/2000\/svg\" width=\"5\" height=\"5\" viewBox=\"0 0 5 5\" fill=\"none\"><rect x=\"0.5\" y=\"0.5\" width=\"4\" height=\"4\" fill=\"#00B3E7\"><\/rect><\/svg>\t\t\t\t\t\t<\/span>\n\t\t\t\t\t\t\t\t\t\t<span class=\"elementor-icon-list-text\">Agence canadienne d'inspection des aliments - HACCP Programme de renforcement de la s\u00e9curit\u00e9 alimentaire (FSEP)<\/span>\n\t\t\t\t\t\t\t\t\t\t\t<\/a>\n\t\t\t\t\t\t\t\t\t<\/li>\n\t\t\t\t\t\t\t\t<li class=\"elementor-icon-list-item\">\n\t\t\t\t\t\t\t\t\t\t\t<a href=\"http:\/\/www.inspection.gc.ca\/about-the-cfia\/acts-and-regulations\/eng\/1299846777345\/1299847442232\">\n\n\t\t\t\t\t\t\t\t\t\t\t\t<span class=\"elementor-icon-list-icon\">\n\t\t\t\t\t\t\t<svg xmlns=\"http:\/\/www.w3.org\/2000\/svg\" width=\"5\" height=\"5\" viewBox=\"0 0 5 5\" fill=\"none\"><rect x=\"0.5\" y=\"0.5\" width=\"4\" height=\"4\" fill=\"#00B3E7\"><\/rect><\/svg>\t\t\t\t\t\t<\/span>\n\t\t\t\t\t\t\t\t\t\t<span class=\"elementor-icon-list-text\">Agence canadienne d'inspection des aliments - R\u00e8glements<\/span>\n\t\t\t\t\t\t\t\t\t\t\t<\/a>\n\t\t\t\t\t\t\t\t\t<\/li>\n\t\t\t\t\t\t\t\t<li class=\"elementor-icon-list-item\">\n\t\t\t\t\t\t\t\t\t\t\t<a href=\"http:\/\/www.codexalimentarius.net\/\">\n\n\t\t\t\t\t\t\t\t\t\t\t\t<span class=\"elementor-icon-list-icon\">\n\t\t\t\t\t\t\t<svg xmlns=\"http:\/\/www.w3.org\/2000\/svg\" width=\"5\" height=\"5\" viewBox=\"0 0 5 5\" fill=\"none\"><rect x=\"0.5\" y=\"0.5\" width=\"4\" height=\"4\" fill=\"#00B3E7\"><\/rect><\/svg>\t\t\t\t\t\t<\/span>\n\t\t\t\t\t\t\t\t\t\t<span class=\"elementor-icon-list-text\">CODEX Alimentarius<\/span>\n\t\t\t\t\t\t\t\t\t\t\t<\/a>\n\t\t\t\t\t\t\t\t\t<\/li>\n\t\t\t\t\t\t\t\t<li class=\"elementor-icon-list-item\">\n\t\t\t\t\t\t\t\t\t\t\t<a href=\"http:\/\/www.dairygoodness.ca\/\">\n\n\t\t\t\t\t\t\t\t\t\t\t\t<span class=\"elementor-icon-list-icon\">\n\t\t\t\t\t\t\t<svg xmlns=\"http:\/\/www.w3.org\/2000\/svg\" width=\"5\" height=\"5\" viewBox=\"0 0 5 5\" fill=\"none\"><rect x=\"0.5\" y=\"0.5\" width=\"4\" height=\"4\" fill=\"#00B3E7\"><\/rect><\/svg>\t\t\t\t\t\t<\/span>\n\t\t\t\t\t\t\t\t\t\t<span class=\"elementor-icon-list-text\">Producteurs laitiers du Canada (PLC)<\/span>\n\t\t\t\t\t\t\t\t\t\t\t<\/a>\n\t\t\t\t\t\t\t\t\t<\/li>\n\t\t\t\t\t\t\t\t<li class=\"elementor-icon-list-item\">\n\t\t\t\t\t\t\t\t\t\t\t<a href=\"https:\/\/www.milk.mb.ca\/\">\n\n\t\t\t\t\t\t\t\t\t\t\t\t<span class=\"elementor-icon-list-icon\">\n\t\t\t\t\t\t\t<svg xmlns=\"http:\/\/www.w3.org\/2000\/svg\" width=\"5\" height=\"5\" viewBox=\"0 0 5 5\" fill=\"none\"><rect x=\"0.5\" y=\"0.5\" width=\"4\" height=\"4\" fill=\"#00B3E7\"><\/rect><\/svg>\t\t\t\t\t\t<\/span>\n\t\t\t\t\t\t\t\t\t\t<span class=\"elementor-icon-list-text\">Producteurs laitiers de l'Ontario (DFO)<\/span>\n\t\t\t\t\t\t\t\t\t\t\t<\/a>\n\t\t\t\t\t\t\t\t\t<\/li>\n\t\t\t\t\t\t<\/ul>\n\t\t\t\t\t\t<\/div>\n\t\t\t\t<\/div>\n\t\t\t\t<\/div>\n\t\t<div class=\"elementor-element elementor-element-771647b e-con-full e-flex e-con e-child\" data-id=\"771647b\" data-element_type=\"container\" data-e-type=\"container\">\n\t\t\t\t<div class=\"elementor-element elementor-element-f16a041 elementor-widget__width-initial elementor-widget-mobile__width-inherit elementor-icon-list--layout-traditional elementor-list-item-link-full_width elementor-widget elementor-widget-icon-list\" data-id=\"f16a041\" data-element_type=\"widget\" data-e-type=\"widget\" data-widget_type=\"icon-list.default\">\n\t\t\t\t<div class=\"elementor-widget-container\">\n\t\t\t\t\t\t\t<ul class=\"elementor-icon-list-items\">\n\t\t\t\t\t\t\t<li class=\"elementor-icon-list-item\">\n\t\t\t\t\t\t\t\t\t\t\t<a href=\"http:\/\/www.foodsci.uoguelph.ca\/dairyedu\/home.html\">\n\n\t\t\t\t\t\t\t\t\t\t\t\t<span class=\"elementor-icon-list-icon\">\n\t\t\t\t\t\t\t<svg xmlns=\"http:\/\/www.w3.org\/2000\/svg\" width=\"5\" height=\"5\" viewBox=\"0 0 5 5\" fill=\"none\"><rect x=\"0.5\" y=\"0.5\" width=\"4\" height=\"4\" fill=\"#00B3E7\"><\/rect><\/svg>\t\t\t\t\t\t<\/span>\n\t\t\t\t\t\t\t\t\t\t<span class=\"elementor-icon-list-text\">Dairy Science and Technology Education Series (Universit\u00e9 de Guelph)<\/span>\n\t\t\t\t\t\t\t\t\t\t\t<\/a>\n\t\t\t\t\t\t\t\t\t<\/li>\n\t\t\t\t\t\t\t\t<li class=\"elementor-icon-list-item\">\n\t\t\t\t\t\t\t\t\t\t\t<a href=\"http:\/\/lait.org\/\">\n\n\t\t\t\t\t\t\t\t\t\t\t\t<span class=\"elementor-icon-list-icon\">\n\t\t\t\t\t\t\t<svg xmlns=\"http:\/\/www.w3.org\/2000\/svg\" width=\"5\" height=\"5\" viewBox=\"0 0 5 5\" fill=\"none\"><rect x=\"0.5\" y=\"0.5\" width=\"4\" height=\"4\" fill=\"#00B3E7\"><\/rect><\/svg>\t\t\t\t\t\t<\/span>\n\t\t\t\t\t\t\t\t\t\t<span class=\"elementor-icon-list-text\">F\u00e9d\u00e9ration des producteurs de lait du Qu\u00e9bec (FPLQ)<\/span>\n\t\t\t\t\t\t\t\t\t\t\t<\/a>\n\t\t\t\t\t\t\t\t\t<\/li>\n\t\t\t\t\t\t\t\t<li class=\"elementor-icon-list-item\">\n\t\t\t\t\t\t\t\t\t\t\t<a href=\"http:\/\/www.fcpc.ca\/\">\n\n\t\t\t\t\t\t\t\t\t\t\t\t<span class=\"elementor-icon-list-icon\">\n\t\t\t\t\t\t\t<svg xmlns=\"http:\/\/www.w3.org\/2000\/svg\" width=\"5\" height=\"5\" viewBox=\"0 0 5 5\" fill=\"none\"><rect x=\"0.5\" y=\"0.5\" width=\"4\" height=\"4\" fill=\"#00B3E7\"><\/rect><\/svg>\t\t\t\t\t\t<\/span>\n\t\t\t\t\t\t\t\t\t\t<span class=\"elementor-icon-list-text\">Produits alimentaires et de consommation du Canada (PACC)<\/span>\n\t\t\t\t\t\t\t\t\t\t\t<\/a>\n\t\t\t\t\t\t\t\t\t<\/li>\n\t\t\t\t\t\t\t\t<li class=\"elementor-icon-list-item\">\n\t\t\t\t\t\t\t\t\t\t\t<a href=\"http:\/\/www.milkingredients.ca\/\">\n\n\t\t\t\t\t\t\t\t\t\t\t\t<span class=\"elementor-icon-list-icon\">\n\t\t\t\t\t\t\t<svg xmlns=\"http:\/\/www.w3.org\/2000\/svg\" width=\"5\" height=\"5\" viewBox=\"0 0 5 5\" fill=\"none\"><rect x=\"0.5\" y=\"0.5\" width=\"4\" height=\"4\" fill=\"#00B3E7\"><\/rect><\/svg>\t\t\t\t\t\t<\/span>\n\t\t\t\t\t\t\t\t\t\t<span class=\"elementor-icon-list-text\">Ingr\u00e9dients laitiers<\/span>\n\t\t\t\t\t\t\t\t\t\t\t<\/a>\n\t\t\t\t\t\t\t\t\t<\/li>\n\t\t\t\t\t\t\t\t<li class=\"elementor-icon-list-item\">\n\t\t\t\t\t\t\t\t\t\t\t<a href=\"http:\/\/ontariodairies.ca\/frameset\/index.htm\">\n\n\t\t\t\t\t\t\t\t\t\t\t\t<span class=\"elementor-icon-list-icon\">\n\t\t\t\t\t\t\t<svg xmlns=\"http:\/\/www.w3.org\/2000\/svg\" width=\"5\" height=\"5\" viewBox=\"0 0 5 5\" fill=\"none\"><rect x=\"0.5\" y=\"0.5\" width=\"4\" height=\"4\" fill=\"#00B3E7\"><\/rect><\/svg>\t\t\t\t\t\t<\/span>\n\t\t\t\t\t\t\t\t\t\t<span class=\"elementor-icon-list-text\">Conseil de l'industrie laiti\u00e8re de l'Ontario<\/span>\n\t\t\t\t\t\t\t\t\t\t\t<\/a>\n\t\t\t\t\t\t\t\t\t<\/li>\n\t\t\t\t\t\t\t\t<li class=\"elementor-icon-list-item\">\n\t\t\t\t\t\t\t\t\t\t\t<a href=\"https:\/\/www.quadra.ca\/industries\/food-ingredients\/\">\n\n\t\t\t\t\t\t\t\t\t\t\t\t<span class=\"elementor-icon-list-icon\">\n\t\t\t\t\t\t\t<svg xmlns=\"http:\/\/www.w3.org\/2000\/svg\" width=\"5\" height=\"5\" viewBox=\"0 0 5 5\" fill=\"none\"><rect x=\"0.5\" y=\"0.5\" width=\"4\" height=\"4\" fill=\"#00B3E7\"><\/rect><\/svg>\t\t\t\t\t\t<\/span>\n\t\t\t\t\t\t\t\t\t\t<span class=\"elementor-icon-list-text\">Quadra - Distributeur privil\u00e9gi\u00e9<\/span>\n\t\t\t\t\t\t\t\t\t\t\t<\/a>\n\t\t\t\t\t\t\t\t\t<\/li>\n\t\t\t\t\t\t\t\t<li class=\"elementor-icon-list-item\">\n\t\t\t\t\t\t\t\t\t\t\t<a href=\"http:\/\/www.cilq.ca\/\">\n\n\t\t\t\t\t\t\t\t\t\t\t\t<span class=\"elementor-icon-list-icon\">\n\t\t\t\t\t\t\t<svg xmlns=\"http:\/\/www.w3.org\/2000\/svg\" width=\"5\" height=\"5\" viewBox=\"0 0 5 5\" fill=\"none\"><rect x=\"0.5\" y=\"0.5\" width=\"4\" height=\"4\" fill=\"#00B3E7\"><\/rect><\/svg>\t\t\t\t\t\t<\/span>\n\t\t\t\t\t\t\t\t\t\t<span class=\"elementor-icon-list-text\">Quebec Dairy Council (French only)<\/span>\n\t\t\t\t\t\t\t\t\t\t\t<\/a>\n\t\t\t\t\t\t\t\t\t<\/li>\n\t\t\t\t\t\t<\/ul>\n\t\t\t\t\t\t<\/div>\n\t\t\t\t<\/div>\n\t\t\t\t<\/div>\n\t\t\t\t\t<\/div>\n\t\t\t\t<\/div>\n\t\t\t\t<\/div>\n\t\t","protected":false},"excerpt":{"rendered":"<p>LACTALIS CANADA INGREDIENTS Liens avec l&rsquo;industrie Agriculture et Agroalimentaire Canada Association canadienne de la boulangerie (ACB) Commission canadienne du lait (CDC) Centre canadien d&rsquo;information laiti\u00e8re Agence canadienne d&rsquo;inspection des aliments Agence canadienne d&rsquo;inspection des aliments &#8211; HACCP Programme de renforcement de la s\u00e9curit\u00e9 alimentaire (FSEP) Agence canadienne d&rsquo;inspection des aliments &#8211; R\u00e8glements CODEX Alimentarius Producteurs [&hellip;]<\/p>\n","protected":false},"author":2,"featured_media":0,"parent":0,"menu_order":0,"comment_status":"closed","ping_status":"closed","template":"elementor_header_footer","meta":{"_acf_changed":false,"footnotes":""},"class_list":["post-5005","page","type-page","status-publish","hentry"],"acf":[],"yoast_head":"<!-- This site is optimized with the Yoast SEO plugin v27.5 - https:\/\/yoast.com\/product\/yoast-seo-wordpress\/ -->\n<title>Ressources pour l&#039;industrie - Premier Canadian Dairy Ingredients Manufacturer<\/title>\n<meta name=\"robots\" content=\"index, follow, max-snippet:-1, max-image-preview:large, max-video-preview:-1\" \/>\n<link rel=\"canonical\" href=\"https:\/\/lactalisingredients.ca\/industry-resources\/\" \/>\n<meta property=\"og:locale\" content=\"fr_FR\" \/>\n<meta property=\"og:type\" content=\"article\" \/>\n<meta property=\"og:title\" content=\"Ressources pour l&#039;industrie - Premier Canadian Dairy Ingredients Manufacturer\" \/>\n<meta property=\"og:description\" content=\"LACTALIS CANADA INGREDIENTS Liens avec l&rsquo;industrie Agriculture et Agroalimentaire Canada Association canadienne de la boulangerie (ACB) Commission canadienne du lait (CDC) Centre canadien d&rsquo;information laiti\u00e8re Agence canadienne d&rsquo;inspection des aliments Agence canadienne d&rsquo;inspection des aliments &#8211; HACCP Programme de renforcement de la s\u00e9curit\u00e9 alimentaire (FSEP) Agence canadienne d&rsquo;inspection des aliments &#8211; R\u00e8glements CODEX Alimentarius Producteurs [&hellip;]\" \/>\n<meta property=\"og:url\" content=\"https:\/\/lactalisingredients.ca\/industry-resources\/\" \/>\n<meta property=\"og:site_name\" content=\"Premier Canadian Dairy Ingredients Manufacturer\" \/>\n<meta property=\"article:modified_time\" content=\"2025-05-16T22:32:44+00:00\" \/>\n<meta property=\"og:image\" content=\"https:\/\/lactalisingredients.ca\/wp-content\/uploads\/2025\/06\/shutterstock_2420139495-min-1-min-flipped-scaled-1.jpg\" \/>\n\t<meta property=\"og:image:width\" content=\"2560\" \/>\n\t<meta property=\"og:image:height\" content=\"1118\" \/>\n\t<meta property=\"og:image:type\" content=\"image\/jpeg\" \/>\n<meta name=\"twitter:card\" content=\"summary_large_image\" \/>\n<meta name=\"twitter:label1\" content=\"Dur\u00e9e de lecture estim\u00e9e\" \/>\n\t<meta name=\"twitter:data1\" content=\"1 minute\" \/>\n<script type=\"application\/ld+json\" class=\"yoast-schema-graph\">{\"@context\":\"https:\\\/\\\/schema.org\",\"@graph\":[{\"@type\":\"WebPage\",\"@id\":\"https:\\\/\\\/lactalisingredients.ca\\\/industry-resources\\\/\",\"url\":\"https:\\\/\\\/lactalisingredients.ca\\\/industry-resources\\\/\",\"name\":\"Ressources pour l'industrie - Premier Canadian Dairy Ingredients Manufacturer\",\"isPartOf\":{\"@id\":\"https:\\\/\\\/lactalisingredients.ca\\\/#website\"},\"datePublished\":\"2025-02-24T15:11:11+00:00\",\"dateModified\":\"2025-05-16T22:32:44+00:00\",\"breadcrumb\":{\"@id\":\"https:\\\/\\\/lactalisingredients.ca\\\/industry-resources\\\/#breadcrumb\"},\"inLanguage\":\"fr-FR\",\"potentialAction\":[{\"@type\":\"ReadAction\",\"target\":[\"https:\\\/\\\/lactalisingredients.ca\\\/industry-resources\\\/\"]}]},{\"@type\":\"BreadcrumbList\",\"@id\":\"https:\\\/\\\/lactalisingredients.ca\\\/industry-resources\\\/#breadcrumb\",\"itemListElement\":[{\"@type\":\"ListItem\",\"position\":1,\"name\":\"Home\",\"item\":\"https:\\\/\\\/lactalisingredients.ca\\\/fr\\\/\"},{\"@type\":\"ListItem\",\"position\":2,\"name\":\"Ressources pour l&#8217;industrie\"}]},{\"@type\":\"WebSite\",\"@id\":\"https:\\\/\\\/lactalisingredients.ca\\\/#website\",\"url\":\"https:\\\/\\\/lactalisingredients.ca\\\/\",\"name\":\"Premier Canadian Dairy Ingredients Manufacturer\",\"description\":\"\",\"publisher\":{\"@id\":\"https:\\\/\\\/lactalisingredients.ca\\\/#organization\"},\"potentialAction\":[{\"@type\":\"SearchAction\",\"target\":{\"@type\":\"EntryPoint\",\"urlTemplate\":\"https:\\\/\\\/lactalisingredients.ca\\\/?s={search_term_string}\"},\"query-input\":{\"@type\":\"PropertyValueSpecification\",\"valueRequired\":true,\"valueName\":\"search_term_string\"}}],\"inLanguage\":\"fr-FR\"},{\"@type\":\"Organization\",\"@id\":\"https:\\\/\\\/lactalisingredients.ca\\\/#organization\",\"name\":\"Lactalis Canada Ingredients\",\"url\":\"https:\\\/\\\/lactalisingredients.ca\\\/\",\"logo\":{\"@type\":\"ImageObject\",\"inLanguage\":\"fr-FR\",\"@id\":\"https:\\\/\\\/lactalisingredients.ca\\\/#\\\/schema\\\/logo\\\/image\\\/\",\"url\":\"https:\\\/\\\/lactalisingredients.ca\\\/wp-content\\\/uploads\\\/2025\\\/02\\\/278x338.png\",\"contentUrl\":\"https:\\\/\\\/lactalisingredients.ca\\\/wp-content\\\/uploads\\\/2025\\\/02\\\/278x338.png\",\"width\":278,\"height\":338,\"caption\":\"Lactalis Canada Ingredients\"},\"image\":{\"@id\":\"https:\\\/\\\/lactalisingredients.ca\\\/#\\\/schema\\\/logo\\\/image\\\/\"}}]}<\/script>\n<!-- \/ Yoast SEO plugin. -->","yoast_head_json":{"title":"Ressources pour l'industrie - Premier Canadian Dairy Ingredients Manufacturer","robots":{"index":"index","follow":"follow","max-snippet":"max-snippet:-1","max-image-preview":"max-image-preview:large","max-video-preview":"max-video-preview:-1"},"canonical":"https:\/\/lactalisingredients.ca\/industry-resources\/","og_locale":"fr_FR","og_type":"article","og_title":"Ressources pour l'industrie - Premier Canadian Dairy Ingredients Manufacturer","og_description":"LACTALIS CANADA INGREDIENTS Liens avec l&rsquo;industrie Agriculture et Agroalimentaire Canada Association canadienne de la boulangerie (ACB) Commission canadienne du lait (CDC) Centre canadien d&rsquo;information laiti\u00e8re Agence canadienne d&rsquo;inspection des aliments Agence canadienne d&rsquo;inspection des aliments &#8211; HACCP Programme de renforcement de la s\u00e9curit\u00e9 alimentaire (FSEP) Agence canadienne d&rsquo;inspection des aliments &#8211; R\u00e8glements CODEX Alimentarius Producteurs [&hellip;]","og_url":"https:\/\/lactalisingredients.ca\/industry-resources\/","og_site_name":"Premier Canadian Dairy Ingredients Manufacturer","article_modified_time":"2025-05-16T22:32:44+00:00","og_image":[{"width":2560,"height":1118,"url":"https:\/\/lactalisingredients.ca\/wp-content\/uploads\/2025\/06\/shutterstock_2420139495-min-1-min-flipped-scaled-1.jpg","type":"image\/jpeg"}],"twitter_card":"summary_large_image","twitter_misc":{"Dur\u00e9e de lecture estim\u00e9e":"1 minute"},"schema":{"@context":"https:\/\/schema.org","@graph":[{"@type":"WebPage","@id":"https:\/\/lactalisingredients.ca\/industry-resources\/","url":"https:\/\/lactalisingredients.ca\/industry-resources\/","name":"Ressources pour l'industrie - Premier Canadian Dairy Ingredients Manufacturer","isPartOf":{"@id":"https:\/\/lactalisingredients.ca\/#website"},"datePublished":"2025-02-24T15:11:11+00:00","dateModified":"2025-05-16T22:32:44+00:00","breadcrumb":{"@id":"https:\/\/lactalisingredients.ca\/industry-resources\/#breadcrumb"},"inLanguage":"fr-FR","potentialAction":[{"@type":"ReadAction","target":["https:\/\/lactalisingredients.ca\/industry-resources\/"]}]},{"@type":"BreadcrumbList","@id":"https:\/\/lactalisingredients.ca\/industry-resources\/#breadcrumb","itemListElement":[{"@type":"ListItem","position":1,"name":"Home","item":"https:\/\/lactalisingredients.ca\/fr\/"},{"@type":"ListItem","position":2,"name":"Ressources pour l&#8217;industrie"}]},{"@type":"WebSite","@id":"https:\/\/lactalisingredients.ca\/#website","url":"https:\/\/lactalisingredients.ca\/","name":"Premier Canadian Dairy Ingredients Manufacturer","description":"","publisher":{"@id":"https:\/\/lactalisingredients.ca\/#organization"},"potentialAction":[{"@type":"SearchAction","target":{"@type":"EntryPoint","urlTemplate":"https:\/\/lactalisingredients.ca\/?s={search_term_string}"},"query-input":{"@type":"PropertyValueSpecification","valueRequired":true,"valueName":"search_term_string"}}],"inLanguage":"fr-FR"},{"@type":"Organization","@id":"https:\/\/lactalisingredients.ca\/#organization","name":"Lactalis Canada Ingredients","url":"https:\/\/lactalisingredients.ca\/","logo":{"@type":"ImageObject","inLanguage":"fr-FR","@id":"https:\/\/lactalisingredients.ca\/#\/schema\/logo\/image\/","url":"https:\/\/lactalisingredients.ca\/wp-content\/uploads\/2025\/02\/278x338.png","contentUrl":"https:\/\/lactalisingredients.ca\/wp-content\/uploads\/2025\/02\/278x338.png","width":278,"height":338,"caption":"Lactalis Canada Ingredients"},"image":{"@id":"https:\/\/lactalisingredients.ca\/#\/schema\/logo\/image\/"}}]}},"_links":{"self":[{"href":"https:\/\/lactalisingredients.ca\/fr\/wp-json\/wp\/v2\/pages\/5005","targetHints":{"allow":["GET"]}}],"collection":[{"href":"https:\/\/lactalisingredients.ca\/fr\/wp-json\/wp\/v2\/pages"}],"about":[{"href":"https:\/\/lactalisingredients.ca\/fr\/wp-json\/wp\/v2\/types\/page"}],"author":[{"embeddable":true,"href":"https:\/\/lactalisingredients.ca\/fr\/wp-json\/wp\/v2\/users\/2"}],"replies":[{"embeddable":true,"href":"https:\/\/lactalisingredients.ca\/fr\/wp-json\/wp\/v2\/comments?post=5005"}],"version-history":[{"count":8,"href":"https:\/\/lactalisingredients.ca\/fr\/wp-json\/wp\/v2\/pages\/5005\/revisions"}],"predecessor-version":[{"id":6266,"href":"https:\/\/lactalisingredients.ca\/fr\/wp-json\/wp\/v2\/pages\/5005\/revisions\/6266"}],"wp:attachment":[{"href":"https:\/\/lactalisingredients.ca\/fr\/wp-json\/wp\/v2\/media?parent=5005"}],"curies":[{"name":"wp","href":"https:\/\/api.w.org\/{rel}","templated":true}]}}